   

{"id":273,"date":"2014-07-12T14:26:02","date_gmt":"2014-07-12T13:26:02","guid":{"rendered":"http:\/\/www.dialooghuis.com\/?page_id=273"},"modified":"2014-07-12T14:26:02","modified_gmt":"2014-07-12T13:26:02","slug":"maatschappelijke-stages-in-de-buurt","status":"publish","type":"page","link":"https:\/\/www.dialooghuis.com\/?page_id=273","title":{"rendered":"Maatschappelijke stages in de buurt"},"content":{"rendered":"<table width=\"641\" border=\"0\" cellspacing=\"0\" cellpadding=\"0\">\n<tbody>\n<tr>\n<td>\n<p align=\"center\"><i>een buitenkans!<\/i><\/p>\n<\/td>\n<\/tr>\n<tr>\n<td align=\"left\"><span style=\"font-family: Arial; font-size: xx-small;\">\u00a0<\/span><\/td>\n<\/tr>\n<tr>\n<td align=\"center\">\n<h1><span style=\"font-size: small;\">Informatiebijeenkomst Maatschappelijke Stage<\/span><\/h1>\n<p><span style=\"font-size: small;\">voor migranten organisaties <\/span><\/td>\n<\/tr>\n<tr>\n<td align=\"center\"><span style=\"font-family: Arial; font-size: xx-small;\">\u00a0<\/span><\/td>\n<\/tr>\n<tr>\n<td align=\"center\">\n<p align=\"center\"><b><span style=\"font-size: small;\"> donderdag 14 september 2011 &#8211; van 19.00 tot 21.30 uur<\/span><\/b><\/p>\n<\/td>\n<\/tr>\n<tr>\n<td align=\"center\"><span style=\"font-size: xx-small;\">\u00a0<\/span><\/td>\n<\/tr>\n<tr>\n<td align=\"center\"><span style=\"font-size: small;\"> Tijdens een interactieve bijeenkomst willen we met u van gedachten wisselen en idee\u00ebn genereren voor mooie maatschappelijke stages en samenwerkingsverbanden in \u00faw buurt voor \u00faw organisatie. Deze bijeenkomst is een samenwerking tussen HOF, Promotie Haags Vrijwilligerswerk en Stichting Dialooghuis.<\/span><\/td>\n<\/tr>\n<tr>\n<td align=\"left\"><span style=\"font-size: xx-small;\">\u00a0<\/span><\/td>\n<\/tr>\n<tr>\n<td align=\"left\">19.00 \u2013 19.30\u00a0\u00a0\u00a0\u00a0\u00a0\u00a0\u00a0\u00a0\u00a0\u00a0\u00a0\u00a0\u00a0\u00a0\u00a0\u00a0\u00a0\u00a0\u00a0\u00a0 Inloop<\/p>\n<p>19.30 \u2013 21.30\u00a0\u00a0\u00a0\u00a0\u00a0\u00a0\u00a0\u00a0\u00a0\u00a0\u00a0\u00a0\u00a0\u00a0\u00a0\u00a0\u00a0\u00a0\u00a0\u00a0 Introductie<\/p>\n<p>voorbeelden (best practises)<\/p>\n<p>beleid ; MaS inbedden in de organisatie<\/p>\n<p>klussengenerator of idee\u00ebncarrousel<\/p>\n<p>discussie<\/p>\n<p>Wist u dat \u2026<\/p>\n<p>\u2026 de maatschappelijke stage vanaf schooljaar 2011\/2012 verplicht wordt?<\/p>\n<p>\u2026 jaarlijks 6000 Haagse Scholieren op zoek gaan naar een leuke stageklus?<\/p>\n<p>\u2026 u dan 6000 kansen per jaar (!) heeft op vers vrijwilligersbloed?<\/p>\n<p>\u2026 je op iedere straathoek een maatschappelijke stage kunt vinden?<\/p>\n<p>\u2026 het alleen de kunst is goed te kijken?<\/p>\n<table id=\"table3\" width=\"790\" border=\"0\" cellspacing=\"0\" cellpadding=\"0\">\n<tbody>\n<tr>\n<td align=\"center\" width=\"802\"><img loading=\"lazy\" decoding=\"async\" alt=\"\" src=\"http:\/\/www.dialooghuis.com\/Maatschappelijke%20stages%20in%20de%20buurt_bestanden\/image002.jpg\" width=\"550\" height=\"478\" border=\"0\" \/><\/td>\n<\/tr>\n<tr>\n<td align=\"center\" width=\"802\"><span style=\"font-size: xx-small;\">\u00a0<\/span><\/td>\n<\/tr>\n<tr>\n<td align=\"center\" width=\"802\"><!--?xml:namespace prefix = \"v\" ns = \"urn:schemas-microsoft-com:vml\" \/-->\u00a0<img loading=\"lazy\" decoding=\"async\" alt=\"\" src=\"http:\/\/www.dialooghuis.com\/Maatschappelijke%20stages%20in%20de%20buurt_bestanden\/image004.jpg\" width=\"550\" height=\"441\" border=\"0\" \/><\/td>\n<\/tr>\n<tr>\n<td align=\"center\" width=\"802\"><span style=\"font-size: xx-small;\">\u00a0<\/span><\/td>\n<\/tr>\n<tr>\n<td align=\"center\" width=\"802\"><img loading=\"lazy\" decoding=\"async\" alt=\"\" src=\"http:\/\/www.dialooghuis.com\/Maatschappelijke%20stages%20in%20de%20buurt_bestanden\/image006.jpg\" width=\"550\" height=\"412\" border=\"0\" \/><\/td>\n<\/tr>\n<tr>\n<td align=\"center\" width=\"802\"><span style=\"font-size: xx-small;\">\u00a0<\/span><\/td>\n<\/tr>\n<\/tbody>\n<\/table>\n<\/td>\n<\/tr>\n<\/tbody>\n<\/table>\n","protected":false},"excerpt":{"rendered":"<p>een buitenkans! \u00a0 Informatiebijeenkomst Maatschappelijke Stage voor migranten organisaties \u00a0 donderdag 14 september 2011 &#8211; van 19.00 tot 21.30 uur \u00a0 Tijdens een interactieve bijeenkomst willen we met u van gedachten wisselen en idee\u00ebn genereren voor mooie maatschappelijke stages en samenwerkingsverbanden in \u00faw buurt voor \u00faw organisatie. Deze bijeenkomst is \u2026 <a class=\"continue-reading-link\" href=\"https:\/\/www.dialooghuis.com\/?page_id=273\"> Continue reading <span class=\"meta-nav\">&rarr; <\/span><\/a><\/p>\n","protected":false},"author":1,"featured_media":0,"parent":0,"menu_order":0,"comment_status":"closed","ping_status":"closed","template":"","meta":{"footnotes":""},"_links":{"self":[{"href":"https:\/\/www.dialooghuis.com\/index.php?rest_route=\/wp\/v2\/pages\/273"}],"collection":[{"href":"https:\/\/www.dialooghuis.com\/index.php?rest_route=\/wp\/v2\/pages"}],"about":[{"href":"https:\/\/www.dialooghuis.com\/index.php?rest_route=\/wp\/v2\/types\/page"}],"author":[{"embeddable":true,"href":"https:\/\/www.dialooghuis.com\/index.php?rest_route=\/wp\/v2\/users\/1"}],"replies":[{"embeddable":true,"href":"https:\/\/www.dialooghuis.com\/index.php?rest_route=%2Fwp%2Fv2%2Fcomments&post=273"}],"version-history":[{"count":2,"href":"https:\/\/www.dialooghuis.com\/index.php?rest_route=\/wp\/v2\/pages\/273\/revisions"}],"predecessor-version":[{"id":275,"href":"https:\/\/www.dialooghuis.com\/index.php?rest_route=\/wp\/v2\/pages\/273\/revisions\/275"}],"wp:attachment":[{"href":"https:\/\/www.dialooghuis.com\/index.php?rest_route=%2Fwp%2Fv2%2Fmedia&parent=273"}],"curies":[{"name":"wp","href":"https:\/\/api.w.org\/{rel}","templated":true}]}}